{"id":4070,"date":"2024-06-11T16:11:38","date_gmt":"2024-06-11T14:11:38","guid":{"rendered":"https:\/\/recuperacionescarrillo.pruebasweb.com.es\/?page_id=4070"},"modified":"2024-06-19T12:42:17","modified_gmt":"2024-06-19T10:42:17","slug":"politica-de-privacitat","status":"publish","type":"page","link":"https:\/\/recuperacionescarrillo.com\/ca\/politica-de-privacitat\/","title":{"rendered":"Pol\u00edtica de privacitat"},"content":{"rendered":"<div class=\"fusion-fullwidth fullwidth-box fusion-builder-row-1 fusion-flex-container has-pattern-background has-mask-background nonhundred-percent-fullwidth non-hundred-percent-height-scrolling\" style=\"--awb-border-radius-top-left:0px;--awb-border-radius-top-right:0px;--awb-border-radius-bottom-right:0px;--awb-border-radius-bottom-left:0px;--awb-margin-top:6%;--awb-margin-bottom:4%;--awb-flex-wrap:wrap;\" ><div class=\"fusion-builder-row fusion-row fusion-flex-align-items-flex-start fusion-flex-content-wrap\" style=\"max-width:1404px;margin-left: calc(-4% \/ 2 );margin-right: calc(-4% \/ 2 );\"><div class=\"fusion-layout-column fusion_builder_column fusion-builder-column-0 fusion_builder_column_1_1 1_1 fusion-flex-column\" style=\"--awb-bg-size:cover;--awb-width-large:100%;--awb-margin-top-large:0px;--awb-spacing-right-large:1.92%;--awb-margin-bottom-large:20px;--awb-spacing-left-large:1.92%;--awb-width-medium:100%;--awb-order-medium:0;--awb-spacing-right-medium:1.92%;--awb-spacing-left-medium:1.92%;--awb-width-small:100%;--awb-order-small:0;--awb-spacing-right-small:1.92%;--awb-spacing-left-small:1.92%;\"><div class=\"fusion-column-wrapper fusion-column-has-shadow fusion-flex-justify-content-flex-start fusion-content-layout-column\"><div class=\"fusion-text fusion-text-1\"><p><strong>Recuperaciones Hnos. Carrillo e Hijos, S.L.<\/strong>, mitjan\u00e7ant la present Pol\u00edtica de Privacitat informa els USUARIS del lloc web sobre la seva pol\u00edtica respecte al tractament i protecci\u00f3 de les dades de car\u00e0cter personal dels usuaris i clients que puguin ser recaptats per la navegaci\u00f3 o la contractaci\u00f3 de serveis a trav\u00e9s del nostre lloc web.<\/p>\n<p>En aquest sentit, <strong>Recuperaciones Hnos. Carrillo e Hijos, S.L. <\/strong>l\u2019informa que les seves dades seran tractades de conformitat amb les normatives vigents respecte a pol\u00edtica de privacitat, d\u2019acord amb el que s\u2019estableix en el Reglament (UE) 2016\/679 de 27 d\u2019abril de 2016 (RGPD).<\/p>\n<p>L\u2019\u00fas d\u2019aquesta p\u00e0gina web implica l\u2019acceptaci\u00f3 d\u2019aquesta pol\u00edtica de privacitat.<\/p>\n<p><strong>RESPONSABLE DEL TRACTAMENT<\/strong><\/p>\n<p><strong>Recuperaciones Hnos. Carrillo e Hijos, S.L. <\/strong>\u00e9s titular de la p\u00e0gina web recuperacionescarrillo.com<\/p>\n<p>Domicili social: <strong>Mol\u00ed d\u2019en Ginestar, 9 \u2013 Nave 3 (08291 Ripollet, Barcelona) \u2013 SPAIN<\/strong><\/p>\n<p>Tel\u00e8fon: <strong>+34 93 592 12 23<\/strong><\/p>\n<p>Correu electr\u00f2nic: <a href=\"mailto:protecciondatos@recuperacionescarrillo.com\">protecciondedatos@recuperacionescarrillo.com<\/a><\/p>\n<p><strong>1. Obtenci\u00f3 de dades<\/strong><\/p>\n<p><strong>Recuperaciones Hnos. Carrillo e Hijos, S.L.<\/strong> informa que les dades que s\u2019obtenen a trav\u00e9s de la nostra p\u00e0gina web, els formularis de la mateixa i els rebuts per correu electr\u00f2nic s\u00f3n aquells que se\u2019ns faciliten volunt\u00e0riament per l\u2019usuari, els que es deriven de relacions i comunicacions amb l\u2019empresa i informaci\u00f3 que sigui leg\u00edtimament extra\u00efble de les dades que tractem.<\/p>\n<p>De la mateixa forma, tamb\u00e9 obtenim dades a trav\u00e9s d\u2019informaci\u00f3 de tercers que ens proporcioni el propi usuari o terceres persones previ consentiment d\u2019aquest, existint una base leg\u00edtima.<\/p>\n<p><strong>2. Finalitat de l&#8217;obtenci\u00f3 i recollida de dades<\/strong><\/p>\n<p><strong>Recuperaciones Hnos. Carrillo e Hijos, S.L.<\/strong> tractar\u00e0 les dades que li siguin facilitades amb l\u2019objectiu d\u2019oferir-li els productes i\/o serveis que ens hagi contractat, gestionar les seves consultes o peticions i qualsevol altre sup\u00f2sit que sigui necessari per a complir les relacions comercials que mantingui amb nosaltres.<\/p>\n<p>Aix\u00ed mateix, tamb\u00e9 es tractaran les dades per a remetre-li comunicacions comercials, sempre amb el seu consentiment previ, aix\u00ed com per a analitzar h\u00e0bits de navegaci\u00f3.<\/p>\n<p>En cas de voler formar part de l\u2019equip de <strong>Recuperaciones Hnos. Carrillo e Hijos, S.L. <\/strong>es tractaran les dades dels usuaris i la documentaci\u00f3 que ens sigui facilitada amb la finalitat de valorar el perfil del\/ de la candidat\/a i considerar-lo per a possibles vacants en l\u2019empresa.<\/p>\n<p><strong>3. Tractament de dades<\/strong><\/p>\n<p>De conformitat amb la normativa aplicable, <strong>Recuperaciones Hnos. Carrillo e Hijos, S.L. <\/strong>es compromet a tractar les dades a les quals tingui acc\u00e9s aplicant les mesures t\u00e8cniques, preventives i organitzatives adequades. D\u2019aquesta manera garantim el m\u00e0xim nivell de seguretat i uns nivells de confidencialitat, integritat i disponibilitat \u00f2ptims dels serveis i sistemes de tractament de dades.<\/p>\n<p><strong>4. Comunicaci\u00f3 d&#8217;informaci\u00f3 a tercers<\/strong><\/p>\n<p><strong>Recuperaciones Hnos. Carrillo e Hijos, S.L. <\/strong>informa els usuaris que les seves dades personals no seran cedides a terceres organitzacions, amb l\u2019excepci\u00f3 que aquesta cessi\u00f3 de dades estigui emparada en una obligaci\u00f3 legal o quan la prestaci\u00f3 d\u2019un servei impliqui la necessitat d\u2019una relaci\u00f3 contractual amb un encarregat del tractament. En aquest \u00faltim cas, nom\u00e9s es dur\u00e0 a terme la cessi\u00f3 de dades al tercer quan <strong>Recuperaciones Hnos. Carrillo e Hijos, S.L. <\/strong>disposi del consentiment expr\u00e9s de l\u2019usuari.<\/p>\n<p>\u00c9s possible que alguns dels nostres prove\u00efdors, per exemple Google, processin dades fora de les fronteres de la Uni\u00f3 Europea. En aquests casos, exigim al prove\u00efdor estar adscrit a un protocol d\u2019adequaci\u00f3 de protecci\u00f3 de dades aprovat per la Uni\u00f3 Europea.<\/p>\n<p><strong>5. Temps de conservaci\u00f3 de les dades<\/strong><\/p>\n<p><strong>Recuperaciones Hnos. Carrillo e Hijos, S.L. <\/strong>conservar\u00e0 totes les dades de l\u2019usuari fins al moment en el qual se sol\u00b7liciti expressament la seva supressi\u00f3 o, per contra, fins que acabi la relaci\u00f3 empresarial que l\u2019uneixi amb la nostra empresa. En aquest cas, les dades se suprimiran quan quedin complerts els termes legals previstos.<\/p>\n<p><strong>6. Drets dels usuaris<\/strong><\/p>\n<p>Vost\u00e8 sempre podr\u00e0 exercir els drets d\u2019acc\u00e9s, rectificaci\u00f3, supressi\u00f3, limitaci\u00f3, oposici\u00f3 o probabilitat d\u2019acord amb el que es preveu en la normativa legal vigent en mat\u00e8ria de pol\u00edtica de privacitat.<\/p>\n<p>Per a fer \u00fas d\u2019aquests drets, haur\u00e0 de dirigir-se mitjan\u00e7ant comunicaci\u00f3 escrita, aportant documentaci\u00f3 que acrediti la seva identitat (DNI o passaport) a la seg\u00fcent adre\u00e7a:<\/p>\n<p><strong>Recuperaciones Hnos. Carrillo e Hijos, S.L., Mol\u00ed d\u2019en Ginestar, 9 \u2013 Nave 3 (08291 Ripollet, Barcelona) \u2013 SPAIN<\/strong><\/p>\n<p>o mitjan\u00e7ant correu electr\u00f2nic: <a href=\"mailto:protecciondatos@recuperacionescarrillo.com\">protecciondedatos@recuperacionescarrillo.com<\/a><\/p>\n<p>Aquesta comunicaci\u00f3 haur\u00e0 d\u2019indicar de manera clara i concisa les seves dades identificatives i acreditatives, aix\u00ed com la seva sol\u00b7licitud respecte a les seves dades.<\/p>\n<p><strong>7. Responsabilitats dels usuaris<\/strong><\/p>\n<p>L\u2019usuari es responsabilitza que totes les dades que es faciliten i s\u2019envi\u00efn a <strong>Recuperaciones Hnos. Carrillo e Hijos, S.L. <\/strong>s\u00f3n veraces, exactes, actualitzades, vigents i aut\u00e8ntiques.<\/p>\n<p>Aix\u00ed mateix, tamb\u00e9 \u00e9s responsable del consentiment que es dona a l\u2019empresa per al seu tractament i utilitzaci\u00f3. De la mateixa manera, l\u2019usuari es fa responsable de les dades de tercers que ens pugui facilitar, respecte als quals est\u00e0 obligat a tenir consentiment expr\u00e9s.<\/p>\n<p><strong>8. Legislaci\u00f3 i jurisdicci\u00f3<\/strong><\/p>\n<p>El fet d\u2019entrar en el lloc web i en les aplicacions de <strong>Recuperaciones Hnos. Carrillo e Hijos, S.L. <\/strong>implica l\u2019acceptaci\u00f3 de les condicions disposades en la present Pol\u00edtica de Privacitat. En cas de no acceptar aquestes condicions, haur\u00e0 d\u2019evitar utilitzar i visitar la nostra p\u00e0gina web.<\/p>\n<p>Tota mena d\u2019inconvenient i controv\u00e8rsia que pogu\u00e9s donar-se, es regir\u00e0 per la legislaci\u00f3 espanyola i se sotmetr\u00e0 als Jutjats i Tribunals de la ciutat m\u00e9s pr\u00f2xima al domicili social de <strong>Recuperaciones Hnos. Carrillo e Hijos, S.L.<\/strong><\/p>\n<\/div><\/div><\/div><\/div><\/div>\n","protected":false},"excerpt":{"rendered":"","protected":false},"author":1,"featured_media":0,"parent":0,"menu_order":0,"comment_status":"closed","ping_status":"closed","template":"100-width.php","meta":{"footnotes":""},"class_list":["post-4070","page","type-page","status-publish","hentry"],"yoast_head":"<!-- This site is optimized with the Yoast SEO plugin v27.2 - https:\/\/yoast.com\/product\/yoast-seo-wordpress\/ -->\n<title>Pol\u00edtica de privacitat de Recuperaciones Carrillo<\/title>\n<meta name=\"description\" content=\"Pol\u00edtica de privacitat i \u00fas d&#039;aquesta p\u00e0gina web, propietat de Recuperaciones Carrillo\" \/>\n<meta name=\"robots\" content=\"index, follow, max-snippet:-1, max-image-preview:large, max-video-preview:-1\" \/>\n<link rel=\"canonical\" href=\"https:\/\/recuperacionescarrillo.com\/ca\/politica-de-privacitat\/\" \/>\n<meta property=\"og:locale\" content=\"ca_ES\" \/>\n<meta property=\"og:type\" content=\"article\" \/>\n<meta property=\"og:title\" content=\"Pol\u00edtica de privacitat de Recuperaciones Carrillo\" \/>\n<meta property=\"og:description\" content=\"Pol\u00edtica de privacitat i \u00fas d&#039;aquesta p\u00e0gina web, propietat de Recuperaciones Carrillo\" \/>\n<meta property=\"og:url\" content=\"https:\/\/recuperacionescarrillo.com\/ca\/politica-de-privacitat\/\" \/>\n<meta property=\"og:site_name\" content=\"Recuperaci\u00f3n de hierros y metales\" \/>\n<meta property=\"article:modified_time\" content=\"2024-06-19T10:42:17+00:00\" \/>\n<meta name=\"twitter:card\" content=\"summary_large_image\" \/>\n<meta name=\"twitter:label1\" content=\"Temps estimat de lectura\" \/>\n\t<meta name=\"twitter:data1\" content=\"5 minuts\" \/>\n<script type=\"application\/ld+json\" class=\"yoast-schema-graph\">{\"@context\":\"https:\/\/schema.org\",\"@graph\":[{\"@type\":\"WebPage\",\"@id\":\"https:\/\/recuperacionescarrillo.com\/ca\/politica-de-privacitat\/\",\"url\":\"https:\/\/recuperacionescarrillo.com\/ca\/politica-de-privacitat\/\",\"name\":\"Pol\u00edtica de privacitat de Recuperaciones Carrillo\",\"isPartOf\":{\"@id\":\"https:\/\/recuperacionescarrillo.com\/ca\/#website\"},\"datePublished\":\"2024-06-11T14:11:38+00:00\",\"dateModified\":\"2024-06-19T10:42:17+00:00\",\"description\":\"Pol\u00edtica de privacitat i \u00fas d'aquesta p\u00e0gina web, propietat de Recuperaciones Carrillo\",\"breadcrumb\":{\"@id\":\"https:\/\/recuperacionescarrillo.com\/ca\/politica-de-privacitat\/#breadcrumb\"},\"inLanguage\":\"ca\",\"potentialAction\":[{\"@type\":\"ReadAction\",\"target\":[\"https:\/\/recuperacionescarrillo.com\/ca\/politica-de-privacitat\/\"]}]},{\"@type\":\"BreadcrumbList\",\"@id\":\"https:\/\/recuperacionescarrillo.com\/ca\/politica-de-privacitat\/#breadcrumb\",\"itemListElement\":[{\"@type\":\"ListItem\",\"position\":1,\"name\":\"Inicio\",\"item\":\"https:\/\/recuperacionescarrillo.com\/ca\/\"},{\"@type\":\"ListItem\",\"position\":2,\"name\":\"Pol\u00edtica de privacitat\"}]},{\"@type\":\"WebSite\",\"@id\":\"https:\/\/recuperacionescarrillo.com\/ca\/#website\",\"url\":\"https:\/\/recuperacionescarrillo.com\/ca\/\",\"name\":\"Recuperaci\u00f3n de hierros y metales\",\"description\":\"Recuperaci\u00f3n de hierros y metales - Recuperaciones Carrillo\",\"potentialAction\":[{\"@type\":\"SearchAction\",\"target\":{\"@type\":\"EntryPoint\",\"urlTemplate\":\"https:\/\/recuperacionescarrillo.com\/ca\/?s={search_term_string}\"},\"query-input\":{\"@type\":\"PropertyValueSpecification\",\"valueRequired\":true,\"valueName\":\"search_term_string\"}}],\"inLanguage\":\"ca\"}]}<\/script>\n<!-- \/ Yoast SEO plugin. -->","yoast_head_json":{"title":"Pol\u00edtica de privacitat de Recuperaciones Carrillo","description":"Pol\u00edtica de privacitat i \u00fas d'aquesta p\u00e0gina web, propietat de Recuperaciones Carrillo","robots":{"index":"index","follow":"follow","max-snippet":"max-snippet:-1","max-image-preview":"max-image-preview:large","max-video-preview":"max-video-preview:-1"},"canonical":"https:\/\/recuperacionescarrillo.com\/ca\/politica-de-privacitat\/","og_locale":"ca_ES","og_type":"article","og_title":"Pol\u00edtica de privacitat de Recuperaciones Carrillo","og_description":"Pol\u00edtica de privacitat i \u00fas d'aquesta p\u00e0gina web, propietat de Recuperaciones Carrillo","og_url":"https:\/\/recuperacionescarrillo.com\/ca\/politica-de-privacitat\/","og_site_name":"Recuperaci\u00f3n de hierros y metales","article_modified_time":"2024-06-19T10:42:17+00:00","twitter_card":"summary_large_image","twitter_misc":{"Temps estimat de lectura":"5 minuts"},"schema":{"@context":"https:\/\/schema.org","@graph":[{"@type":"WebPage","@id":"https:\/\/recuperacionescarrillo.com\/ca\/politica-de-privacitat\/","url":"https:\/\/recuperacionescarrillo.com\/ca\/politica-de-privacitat\/","name":"Pol\u00edtica de privacitat de Recuperaciones Carrillo","isPartOf":{"@id":"https:\/\/recuperacionescarrillo.com\/ca\/#website"},"datePublished":"2024-06-11T14:11:38+00:00","dateModified":"2024-06-19T10:42:17+00:00","description":"Pol\u00edtica de privacitat i \u00fas d'aquesta p\u00e0gina web, propietat de Recuperaciones Carrillo","breadcrumb":{"@id":"https:\/\/recuperacionescarrillo.com\/ca\/politica-de-privacitat\/#breadcrumb"},"inLanguage":"ca","potentialAction":[{"@type":"ReadAction","target":["https:\/\/recuperacionescarrillo.com\/ca\/politica-de-privacitat\/"]}]},{"@type":"BreadcrumbList","@id":"https:\/\/recuperacionescarrillo.com\/ca\/politica-de-privacitat\/#breadcrumb","itemListElement":[{"@type":"ListItem","position":1,"name":"Inicio","item":"https:\/\/recuperacionescarrillo.com\/ca\/"},{"@type":"ListItem","position":2,"name":"Pol\u00edtica de privacitat"}]},{"@type":"WebSite","@id":"https:\/\/recuperacionescarrillo.com\/ca\/#website","url":"https:\/\/recuperacionescarrillo.com\/ca\/","name":"Recuperaci\u00f3n de hierros y metales","description":"Recuperaci\u00f3n de hierros y metales - Recuperaciones Carrillo","potentialAction":[{"@type":"SearchAction","target":{"@type":"EntryPoint","urlTemplate":"https:\/\/recuperacionescarrillo.com\/ca\/?s={search_term_string}"},"query-input":{"@type":"PropertyValueSpecification","valueRequired":true,"valueName":"search_term_string"}}],"inLanguage":"ca"}]}},"_links":{"self":[{"href":"https:\/\/recuperacionescarrillo.com\/ca\/wp-json\/wp\/v2\/pages\/4070","targetHints":{"allow":["GET"]}}],"collection":[{"href":"https:\/\/recuperacionescarrillo.com\/ca\/wp-json\/wp\/v2\/pages"}],"about":[{"href":"https:\/\/recuperacionescarrillo.com\/ca\/wp-json\/wp\/v2\/types\/page"}],"author":[{"embeddable":true,"href":"https:\/\/recuperacionescarrillo.com\/ca\/wp-json\/wp\/v2\/users\/1"}],"replies":[{"embeddable":true,"href":"https:\/\/recuperacionescarrillo.com\/ca\/wp-json\/wp\/v2\/comments?post=4070"}],"version-history":[{"count":3,"href":"https:\/\/recuperacionescarrillo.com\/ca\/wp-json\/wp\/v2\/pages\/4070\/revisions"}],"predecessor-version":[{"id":4224,"href":"https:\/\/recuperacionescarrillo.com\/ca\/wp-json\/wp\/v2\/pages\/4070\/revisions\/4224"}],"wp:attachment":[{"href":"https:\/\/recuperacionescarrillo.com\/ca\/wp-json\/wp\/v2\/media?parent=4070"}],"curies":[{"name":"wp","href":"https:\/\/api.w.org\/{rel}","templated":true}]}}