{"id":4039,"date":"2024-06-11T15:58:36","date_gmt":"2024-06-11T13:58:36","guid":{"rendered":"https:\/\/recuperacionescarrillo.pruebasweb.com.es\/?page_id=4039"},"modified":"2024-06-19T12:41:12","modified_gmt":"2024-06-19T10:41:12","slug":"cookies","status":"publish","type":"page","link":"https:\/\/recuperacionescarrillo.com\/ca\/cookies\/","title":{"rendered":"Cookies"},"content":{"rendered":"<div class=\"fusion-fullwidth fullwidth-box fusion-builder-row-1 fusion-flex-container has-pattern-background has-mask-background nonhundred-percent-fullwidth non-hundred-percent-height-scrolling\" style=\"--awb-border-radius-top-left:0px;--awb-border-radius-top-right:0px;--awb-border-radius-bottom-right:0px;--awb-border-radius-bottom-left:0px;--awb-margin-top:6%;--awb-margin-bottom:4%;--awb-flex-wrap:wrap;\" ><div class=\"fusion-builder-row fusion-row fusion-flex-align-items-flex-start fusion-flex-content-wrap\" style=\"max-width:1404px;margin-left: calc(-4% \/ 2 );margin-right: calc(-4% \/ 2 );\"><div class=\"fusion-layout-column fusion_builder_column fusion-builder-column-0 fusion_builder_column_1_1 1_1 fusion-flex-column\" style=\"--awb-bg-size:cover;--awb-width-large:100%;--awb-margin-top-large:0px;--awb-spacing-right-large:1.92%;--awb-margin-bottom-large:20px;--awb-spacing-left-large:1.92%;--awb-width-medium:100%;--awb-order-medium:0;--awb-spacing-right-medium:1.92%;--awb-spacing-left-medium:1.92%;--awb-width-small:100%;--awb-order-small:0;--awb-spacing-right-small:1.92%;--awb-spacing-left-small:1.92%;\"><div class=\"fusion-column-wrapper fusion-column-has-shadow fusion-flex-justify-content-flex-start fusion-content-layout-column\"><div class=\"fusion-text fusion-text-1\"><p><strong>\u00daS DE COOKIES<\/strong><\/p>\n<p>Al nostre lloc web fer servir cookies pr\u00f2pies i tercers (Google Analytics) per millorar la teva experi\u00e8ncia d\u2019usuari i recollir dades estad\u00edstiques sobre l\u2019\u00fas del nostre web per part dels usuaris. Les cookies s\u2019associen \u00fanicament al navegador que est\u00e0 fent servir, de manera que no s\u2019emmagatzema cap tipus de dada personal sobre l\u2019usuari que visita la nostra p\u00e0gina web. Vost\u00e8 pot configurar el seu navegador perqu\u00e8 notifiqui i\/o rebutgi la instal\u00b7laci\u00f3 de les cookies, sense que aix\u00f2 perjudiqui la possibilitat de poder accedir a les diferents zones de la web, excepte al servei de xat de suport t\u00e8cnic.<\/p>\n<p>Si navegues per la nostra web estar\u00e0s acceptant l\u2019\u00fas de les cookies en les condicions establertes en aquesta Pol\u00edtica de Cookies. Aquesta pol\u00edtica pot ser actualitzada, de manera que et convidem a revisar-la de forma regular.<\/p>\n<p><strong>QU\u00c8 S\u00d3N LES COOKIES?<\/strong><\/p>\n<p>S\u00f3n petits fitxers de dades que el servidor d\u2019Internet envia al dispositiu amb el qual et connectes a le nostra web i que aquest arxiva. S\u2019associen \u00fanicament al teu navegador i no proporcionen per si mateixos dades personals. Les cookies no poden danyar el dispositiu i a m\u00e9s s\u00f3n molt \u00fatils, ja que ens ajuden a identificar i resoldre errors.<\/p>\n<p>Si vols m\u00e9s informaci\u00f3 sobre el seu funcionament, et recomanem visitar www.allaboutcookies.org i www.youronlinechoices.eu.<\/p>\n<p><strong>COOKIES DE XARXES SOCIALS<\/strong><\/p>\n<p>A la nostra p\u00e0gina web s\u2019inclouen botons que els usuaris poden fer sevir, de forma senzilla i intu\u00eftiva, per enlla\u00e7ar i compartir certs continguts a les xarxes socials com ara Facebook, Twitter, Google+, LinkedIn o Pinterest. Aquesta funcionalitat comporta l\u2019\u00fas de cookies que enllacen amb les p\u00e0gines web d\u2019aquestes xarxes socials, emmagatzemant la informaci\u00f3 \u00fanicament en elles.<\/p>\n<p><strong>CONFIGURACI\u00d3 DE LES COOKIES<\/strong><\/p>\n<p>Pots consultar els passos per desactivar la instal\u00b7laci\u00f3 de cookies en la secci\u00f3 \u201cAjuda\u201d del navegador: Microsoft Internet Explorer, Google Chrome, Safari, Mozilla Firefox i Opera.<\/p>\n<p>Molts navegadors permeten activar una manera de navegaci\u00f3 privada, mitjan\u00e7ant la qual les cookies s\u2019esborren sempre despr\u00e9s de la teva visita al web. Depenent de cada navegador aquesta manera de navegaci\u00f3 privada pot tenir diferents noms. A continuaci\u00f3 trobareu una llista dels navegadors m\u00e9s comuns i els diferents noms d\u2019aquest \u201cmode privat\u201d:<\/p>\n<p>. Internet Explorer 8 i superior \u2013 InPrivate<br \/>\n. Opera 10.5 i superior \u2013 Navegaci\u00f3 Privada<br \/>\n. Google Chrome 10 i superior \u2013 Inc\u00f2gnit<br \/>\n. Safari 2 i superior \u2013 Navegaci\u00f3 Privada<br \/>\n. Firefox 3.5 i superior \u2013 Navegaci\u00f3 Privada<\/p>\n<p>A continuaci\u00f3 us detallem la relaci\u00f3 de cookies utilitzades per <strong>http:\/\/recuperacionescarrillo.com<\/strong>:<\/p>\n<\/div>\n<div class=\"table-1\">\n<table width=\"100%\">\n<thead>\n<tr>\n<th align=\"left\">COOKIE<\/th>\n<th align=\"left\">TIPUS\/th&gt;<\/th>\n<th align=\"left\">DURACI\u00d3<\/th>\n<th align=\"left\">DESCRIPCI\u00d3<\/th>\n<\/tr>\n<\/thead>\n<tbody>\n<tr>\n<td align=\"left\">PHPSESSID<\/td>\n<td align=\"left\">Pr\u00f2pia<\/td>\n<td align=\"left\">Al finalizar la sesi\u00f3n de navegaci\u00f3n<\/td>\n<td align=\"left\">Utilizada por el lenguaje de programaci\u00f3n PHP para gestionar su sesi\u00f3n de navegaci\u00f3n.<\/td>\n<\/tr>\n<tr>\n<td align=\"left\">viewed_cookie_policy<\/td>\n<td align=\"left\">Pr\u00f2pia<\/td>\n<td align=\"left\">1 a\u00f1o<\/td>\n<td align=\"left\">Utilizada para comprobar si ha dado su aceptaci\u00f3n al uso de cookies en nuestra web.<\/td>\n<\/tr>\n<tr>\n<td align=\"left\">w3tc_logged_out<\/td>\n<td align=\"left\">Pr\u00f2pia<\/td>\n<td align=\"left\">En finalitzar la sessi\u00f3 de navegaci\u00f3.<\/td>\n<td align=\"left\">Utilitzada pel sistema de caixet per a accelerar la navegaci\u00f3.<\/td>\n<\/tr>\n<tr>\n<td align=\"left\">WEBIM_UserID<\/td>\n<td align=\"left\">Pr\u00f2pia<\/td>\n<td align=\"left\">1 any<\/td>\n<td align=\"left\">Cookie per al xat de suport t\u00e8cnic.<\/td>\n<\/tr>\n<tr>\n<td align=\"left\">_utmc<\/td>\n<td align=\"left\">De tercers<\/td>\n<td align=\"left\">En finalitzar la sessi\u00f3 de navegaci\u00f3.<\/td>\n<td align=\"left\">Utilitzada per Google Analytics.<\/td>\n<\/tr>\n<tr>\n<td align=\"left\">_utmv<\/td>\n<td align=\"left\">Persistent<\/td>\n<td align=\"left\">6 mesos<\/td>\n<td align=\"left\">Utilitzada per Google Analytics.<\/td>\n<\/tr>\n<tr>\n<td align=\"left\">_utmz<\/td>\n<td align=\"left\">De tercers<\/td>\n<td align=\"left\">2 anys<\/td>\n<td align=\"left\">Utilitzada per Google Analytics.<\/td>\n<\/tr>\n<tr>\n<td align=\"left\">__utma<\/td>\n<td align=\"left\">De tercers<\/td>\n<td align=\"left\">2 anys<\/td>\n<td align=\"left\">Utilitzada per Google Analytics.<\/td>\n<\/tr>\n<tr>\n<td align=\"left\">__utmb<\/td>\n<td align=\"left\">De tercers<\/td>\n<td align=\"left\">30 minuts<\/td>\n<td align=\"left\">Utilitzada per Google Analytics.<\/td>\n<\/tr>\n<\/tbody>\n<\/table>\n<\/div>\n<\/div><\/div><\/div><\/div>\n","protected":false},"excerpt":{"rendered":"","protected":false},"author":1,"featured_media":0,"parent":0,"menu_order":0,"comment_status":"closed","ping_status":"closed","template":"100-width.php","meta":{"footnotes":""},"class_list":["post-4039","page","type-page","status-publish","hentry"],"yoast_head":"<!-- This site is optimized with the Yoast SEO plugin v27.2 - https:\/\/yoast.com\/product\/yoast-seo-wordpress\/ -->\n<title>Informaci\u00f3 sobre cookies - Recuperaciones Carrillo e Hijos<\/title>\n<meta name=\"description\" content=\"Informaci\u00f3 sobre cookies - Recuperaciones Carrillo e Hijos\" \/>\n<meta name=\"robots\" content=\"index, follow, max-snippet:-1, max-image-preview:large, max-video-preview:-1\" \/>\n<link rel=\"canonical\" href=\"https:\/\/recuperacionescarrillo.com\/ca\/cookies\/\" \/>\n<meta property=\"og:locale\" content=\"ca_ES\" \/>\n<meta property=\"og:type\" content=\"article\" \/>\n<meta property=\"og:title\" content=\"Informaci\u00f3 sobre cookies - Recuperaciones Carrillo e Hijos\" \/>\n<meta property=\"og:description\" content=\"Informaci\u00f3 sobre cookies - Recuperaciones Carrillo e Hijos\" \/>\n<meta property=\"og:url\" content=\"https:\/\/recuperacionescarrillo.com\/ca\/cookies\/\" \/>\n<meta property=\"og:site_name\" content=\"Recuperaci\u00f3n de hierros y metales\" \/>\n<meta property=\"article:modified_time\" content=\"2024-06-19T10:41:12+00:00\" \/>\n<meta name=\"twitter:card\" content=\"summary_large_image\" \/>\n<meta name=\"twitter:label1\" content=\"Temps estimat de lectura\" \/>\n\t<meta name=\"twitter:data1\" content=\"3 minuts\" \/>\n<script type=\"application\/ld+json\" class=\"yoast-schema-graph\">{\"@context\":\"https:\/\/schema.org\",\"@graph\":[{\"@type\":\"WebPage\",\"@id\":\"https:\/\/recuperacionescarrillo.com\/ca\/cookies\/\",\"url\":\"https:\/\/recuperacionescarrillo.com\/ca\/cookies\/\",\"name\":\"Informaci\u00f3 sobre cookies - Recuperaciones Carrillo e Hijos\",\"isPartOf\":{\"@id\":\"https:\/\/recuperacionescarrillo.com\/ca\/#website\"},\"datePublished\":\"2024-06-11T13:58:36+00:00\",\"dateModified\":\"2024-06-19T10:41:12+00:00\",\"description\":\"Informaci\u00f3 sobre cookies - Recuperaciones Carrillo e Hijos\",\"breadcrumb\":{\"@id\":\"https:\/\/recuperacionescarrillo.com\/ca\/cookies\/#breadcrumb\"},\"inLanguage\":\"ca\",\"potentialAction\":[{\"@type\":\"ReadAction\",\"target\":[\"https:\/\/recuperacionescarrillo.com\/ca\/cookies\/\"]}]},{\"@type\":\"BreadcrumbList\",\"@id\":\"https:\/\/recuperacionescarrillo.com\/ca\/cookies\/#breadcrumb\",\"itemListElement\":[{\"@type\":\"ListItem\",\"position\":1,\"name\":\"Inicio\",\"item\":\"https:\/\/recuperacionescarrillo.com\/ca\/\"},{\"@type\":\"ListItem\",\"position\":2,\"name\":\"Cookies\"}]},{\"@type\":\"WebSite\",\"@id\":\"https:\/\/recuperacionescarrillo.com\/ca\/#website\",\"url\":\"https:\/\/recuperacionescarrillo.com\/ca\/\",\"name\":\"Recuperaci\u00f3n de hierros y metales\",\"description\":\"Recuperaci\u00f3n de hierros y metales - Recuperaciones Carrillo\",\"potentialAction\":[{\"@type\":\"SearchAction\",\"target\":{\"@type\":\"EntryPoint\",\"urlTemplate\":\"https:\/\/recuperacionescarrillo.com\/ca\/?s={search_term_string}\"},\"query-input\":{\"@type\":\"PropertyValueSpecification\",\"valueRequired\":true,\"valueName\":\"search_term_string\"}}],\"inLanguage\":\"ca\"}]}<\/script>\n<!-- \/ Yoast SEO plugin. -->","yoast_head_json":{"title":"Informaci\u00f3 sobre cookies - Recuperaciones Carrillo e Hijos","description":"Informaci\u00f3 sobre cookies - Recuperaciones Carrillo e Hijos","robots":{"index":"index","follow":"follow","max-snippet":"max-snippet:-1","max-image-preview":"max-image-preview:large","max-video-preview":"max-video-preview:-1"},"canonical":"https:\/\/recuperacionescarrillo.com\/ca\/cookies\/","og_locale":"ca_ES","og_type":"article","og_title":"Informaci\u00f3 sobre cookies - Recuperaciones Carrillo e Hijos","og_description":"Informaci\u00f3 sobre cookies - Recuperaciones Carrillo e Hijos","og_url":"https:\/\/recuperacionescarrillo.com\/ca\/cookies\/","og_site_name":"Recuperaci\u00f3n de hierros y metales","article_modified_time":"2024-06-19T10:41:12+00:00","twitter_card":"summary_large_image","twitter_misc":{"Temps estimat de lectura":"3 minuts"},"schema":{"@context":"https:\/\/schema.org","@graph":[{"@type":"WebPage","@id":"https:\/\/recuperacionescarrillo.com\/ca\/cookies\/","url":"https:\/\/recuperacionescarrillo.com\/ca\/cookies\/","name":"Informaci\u00f3 sobre cookies - Recuperaciones Carrillo e Hijos","isPartOf":{"@id":"https:\/\/recuperacionescarrillo.com\/ca\/#website"},"datePublished":"2024-06-11T13:58:36+00:00","dateModified":"2024-06-19T10:41:12+00:00","description":"Informaci\u00f3 sobre cookies - Recuperaciones Carrillo e Hijos","breadcrumb":{"@id":"https:\/\/recuperacionescarrillo.com\/ca\/cookies\/#breadcrumb"},"inLanguage":"ca","potentialAction":[{"@type":"ReadAction","target":["https:\/\/recuperacionescarrillo.com\/ca\/cookies\/"]}]},{"@type":"BreadcrumbList","@id":"https:\/\/recuperacionescarrillo.com\/ca\/cookies\/#breadcrumb","itemListElement":[{"@type":"ListItem","position":1,"name":"Inicio","item":"https:\/\/recuperacionescarrillo.com\/ca\/"},{"@type":"ListItem","position":2,"name":"Cookies"}]},{"@type":"WebSite","@id":"https:\/\/recuperacionescarrillo.com\/ca\/#website","url":"https:\/\/recuperacionescarrillo.com\/ca\/","name":"Recuperaci\u00f3n de hierros y metales","description":"Recuperaci\u00f3n de hierros y metales - Recuperaciones Carrillo","potentialAction":[{"@type":"SearchAction","target":{"@type":"EntryPoint","urlTemplate":"https:\/\/recuperacionescarrillo.com\/ca\/?s={search_term_string}"},"query-input":{"@type":"PropertyValueSpecification","valueRequired":true,"valueName":"search_term_string"}}],"inLanguage":"ca"}]}},"_links":{"self":[{"href":"https:\/\/recuperacionescarrillo.com\/ca\/wp-json\/wp\/v2\/pages\/4039","targetHints":{"allow":["GET"]}}],"collection":[{"href":"https:\/\/recuperacionescarrillo.com\/ca\/wp-json\/wp\/v2\/pages"}],"about":[{"href":"https:\/\/recuperacionescarrillo.com\/ca\/wp-json\/wp\/v2\/types\/page"}],"author":[{"embeddable":true,"href":"https:\/\/recuperacionescarrillo.com\/ca\/wp-json\/wp\/v2\/users\/1"}],"replies":[{"embeddable":true,"href":"https:\/\/recuperacionescarrillo.com\/ca\/wp-json\/wp\/v2\/comments?post=4039"}],"version-history":[{"count":2,"href":"https:\/\/recuperacionescarrillo.com\/ca\/wp-json\/wp\/v2\/pages\/4039\/revisions"}],"predecessor-version":[{"id":4196,"href":"https:\/\/recuperacionescarrillo.com\/ca\/wp-json\/wp\/v2\/pages\/4039\/revisions\/4196"}],"wp:attachment":[{"href":"https:\/\/recuperacionescarrillo.com\/ca\/wp-json\/wp\/v2\/media?parent=4039"}],"curies":[{"name":"wp","href":"https:\/\/api.w.org\/{rel}","templated":true}]}}