{"id":4034,"date":"2024-06-11T15:45:15","date_gmt":"2024-06-11T13:45:15","guid":{"rendered":"https:\/\/recuperacionescarrillo.pruebasweb.com.es\/?page_id=4034"},"modified":"2024-06-17T17:06:08","modified_gmt":"2024-06-17T15:06:08","slug":"avis-legal","status":"publish","type":"page","link":"https:\/\/recuperacionescarrillo.com\/ca\/avis-legal\/","title":{"rendered":"Av\u00eds legal"},"content":{"rendered":"<div class=\"fusion-fullwidth fullwidth-box fusion-builder-row-1 fusion-flex-container has-pattern-background has-mask-background nonhundred-percent-fullwidth non-hundred-percent-height-scrolling\" style=\"--awb-border-radius-top-left:0px;--awb-border-radius-top-right:0px;--awb-border-radius-bottom-right:0px;--awb-border-radius-bottom-left:0px;--awb-margin-top:6%;--awb-flex-wrap:wrap;\" ><div class=\"fusion-builder-row fusion-row fusion-flex-align-items-flex-start fusion-flex-content-wrap\" style=\"max-width:1404px;margin-left: calc(-4% \/ 2 );margin-right: calc(-4% \/ 2 );\"><div class=\"fusion-layout-column fusion_builder_column fusion-builder-column-0 fusion_builder_column_1_1 1_1 fusion-flex-column\" style=\"--awb-bg-size:cover;--awb-width-large:100%;--awb-margin-top-large:0px;--awb-spacing-right-large:1.92%;--awb-margin-bottom-large:20px;--awb-spacing-left-large:1.92%;--awb-width-medium:100%;--awb-order-medium:0;--awb-spacing-right-medium:1.92%;--awb-spacing-left-medium:1.92%;--awb-width-small:100%;--awb-order-small:0;--awb-spacing-right-small:1.92%;--awb-spacing-left-small:1.92%;\"><div class=\"fusion-column-wrapper fusion-column-has-shadow fusion-flex-justify-content-flex-start fusion-content-layout-column\"><div class=\"fusion-text fusion-text-1\" style=\"--awb-content-alignment:justify;\"><p>En compliment de la Llei 34\/2002 de Serveis de la Societat de la Informaci\u00f3 i de Comer\u00e7 Electr\u00f2nic de Espanya, l\u2019informem que aquesta web es propietat de Recuperaciones Hnos. Carrillo e Hijos, S.L., amb domicili a Mol\u00ed d\u2019en Ginestar, 9 \u2013 Nave 3 (08291 Ripollet, Barcelona), amb C.I.F. B65600264, e inscrita al Registre Mercantil de Barcelona, Tom 42676, Foli 134, Fulla B 413966, Inscripci\u00f3 1\u00aa.<\/p>\n<p>Aquest web es regeix per la normativa exclusivament aplicable a Espanya, quedant sotmesa a ella, tant nacionals com estrangers que utilitzin aquesta web.<\/p>\n<p>L\u2019acc\u00e9s al nostre web per part de l\u2019USUARI \u00e9s gratu\u00eft i est\u00e0 condicionat a la pr\u00e8via lectura i acceptaci\u00f3 integra, expressa i sense reserves de les presents CONDICIONS GENERALS D\u2019\u00daS vigents en el moment de l\u2019acc\u00e9s, que preguem llegeixi detingudament. L\u2019USUARI en el moment que utilitza el nostre web, els seus continguts o serveis, accepta i es sotmet expressament a les condicions generals d\u2019\u00fas de la mateixa. Si l\u2019USUARI no estigu\u00e9s d\u2019 acord amb les presents condicions d\u2019\u00fas, s\u2019haur\u00e0 d\u2019abstenir d\u2019 utilitzar aquesta web i operar mitjan\u00e7ant la mateixa.<\/p>\n<p>En qualsevol moment podrem modificar la presentaci\u00f3 i configuraci\u00f3 d\u2019aquesta web, ampliar o reduir serveis, i fins i tot suprimir-la de la Xarxa, aix\u00ed com els serveis i continguts prestats, tot aix\u00f2 de forma unilateral i sense previ av\u00eds.<\/p>\n<p><strong>A. PROPIETAT INTEL\u00b7LECTUAL<\/strong><\/p>\n<p>Tots els continguts, textos, imatges, i codis font s\u00f3n propietat de Recuperaciones Hnos. Carrillo e Hijos, S.L. o de tercers als quals s\u2019han adquirit els seus drets d\u2019explotaci\u00f3, i estan protegits pels drets de Propietat Intel\u00b7lectual i Industrial.<\/p>\n<p>L\u2019USUARI \u00fanicament t\u00e9 dret a un \u00fas privat dels mateixos, sense \u00e0nim de lucre, i necessita autoritzaci\u00f3 expressa de Recuperaciones Hnos. Carrillo e Hijos, S.L. i \/ o el titular dels drets per a modificar, reproduir, explotar, distribuir o fer servir qualsevol altre dret pertanyent al seu titular.<\/p>\n<p>L\u2019establiment d\u2019enlla\u00e7os al nostre web no confereix cap dret sobre la mateixa i s\u2019autoritzen exclusivament per permetre l\u2019acc\u00e9s al nostre web, quedant prohibida en altres p\u00e0gines la reproducci\u00f3 total o parcial de les imatges i \/ o continguts del nostre web. Aix\u00ed mateix, el simple fet d\u2019establir un enlla\u00e7 a la nostra web no d\u00f3na dret a atorgar-se la categoria de col\u00b7laborador o soci de Recuperaciones Hnos. Carrillo e Hijos, S.L.<\/p>\n<p>Est\u00e0 absolutament prohibida la imitaci\u00f3 ja sigui total o parcial del nostre web.<\/p>\n<p><strong>B. CONDICIONS D\u2019ACC\u00c9S<\/strong><br \/>\nL\u2019acc\u00e9s a la nostra web \u00e9s gratu\u00eft i no exigeix pr\u00e8via subscripci\u00f3 o registre. Tanmateix , Recuperaciones Hnos. Carrillo e Hijos, S.L. es reserva el dret d\u2019oferir serveis que requereixin el registre previ de l\u2019 usuari. En tot cas, aquests serveis quedaran degudament identificats a la web, amb f\u00e0cils indicacions per al seu registre.<\/p>\n<p>L\u2019usuari ha d\u2019accedir a la nostra web conforme a la bona fe, les normes d\u2019ordre p\u00fablic i a les presents Condicions Generals d\u2019\u00fas. L\u2019acc\u00e9s al nostre lloc web es realitza sota la pr\u00f2pia i exclusiva responsabilitat de l\u2019 USUARI , que respondr\u00e0 en tot cas dels danys i perjudicis que pugui causar a tercers o a nosaltres mateixos.<\/p>\n<p>L\u2019USUARI t\u00e9 expressament prohibit la utilitzaci\u00f3 i obtenci\u00f3 dels serveis i continguts oferts en la present web, per procediments diferents als estipulats en les presents condicions d\u2019\u00fas, i si escau en les condicions particulars que regulin l\u2019adquisici\u00f3 de determinats serveis.<\/p>\n<p>Tenint en compte la impossibilitat de control respecte a la informaci\u00f3, continguts i serveis que continguin altres websites als quals es pugui accedir a trav\u00e9s dels enlla\u00e7os que la nostra web posa a la seva disposici\u00f3, li comuniquem que Recuperaciones Hnos. Carrillo e Hijos, S.L. queda eximida de qualsevol responsabilitat pels danys i perjudicis de tota classe que poguessin derivar per la utilitzaci\u00f3 d\u2019aquestes p\u00e0gines web alienes a la nostra per part de l\u2019USUARI. Recuperaciones Hnos. Carrillo e Hijos, S.L. es reserva el dret d\u2019exercitar les accions legals oportunes contra aquells USUARIS que vulnerin les presents condicions generals d\u2019\u00fas, acceptant l\u2019USUARI que la no iniciaci\u00f3 d\u2019aquestes accions no constitueix una ren\u00fancia formal a les mateixes, romanent aquestes vigents fins als terminis de prescripci\u00f3 de les infraccions.<\/p>\n<p><strong>C. PROTECCI\u00d3 DE DADES PERSONALS<\/strong><\/p>\n<p>La confidencialitat, el secret professional i la seguretat s\u00f3n valors primordials de Recuperaciones Hnos. Carrillo e Hijos, S.L., que assumeix el comprom\u00eds de garantir la privacitat de l\u2019usuari en tot moment i en totes les interaccions amb aquell. Recuperaciones Hnos. Carrillo e Hijos, S.L. assumeix tamb\u00e9 el comprom\u00eds de no recaptar informaci\u00f3 innecess\u00e0ria sobre l\u2019Usuari. Aix\u00ed mateix , ens comprometem a tractar amb extrema dilig\u00e8ncia la informaci\u00f3 personal que l\u2019usuari pugui facilitar a trav\u00e9s del nostre web.<\/p>\n<p>De conformitat amb la Llei Org\u00e0nica 15 \/1999 de Protecci\u00f3 de Dades de Car\u00e0cter Personal (LOPD), i el Reial Decret 1720 \/2007 de desenvolupament de la LOPD, l\u2019informem que la utilitzaci\u00f3 de determinats serveis en la nostra web requereix que ens faciliti determinades dades personals a trav\u00e9s de formularis de registre o mitjan\u00e7ant l\u2019enviament de missatges de correu electr\u00f2nic, i que aquests seran objecte de tractament i incorporats als fitxers de Recuperaciones Hnos. Carrillo e Hijos, S.L. titular i responsable del mateix. L\u2019enviament referit de les dades personals constitueix el consentiment expr\u00e9s al tractament dels mateixos, si b\u00e9 de car\u00e0cter revocable i sense efectes retroactius.<\/p>\n<p>Aix\u00ed mateix li informem que tots els nostres fitxers es troben legalment inscrits en el Registre General de Dades Personals de l\u2019Ag\u00e8ncia Espanyola de Protecci\u00f3 de Dades, aix\u00ed com que per a salvaguardar la seguretat de les seves dades personals s\u2019aplicaran les mesures de seguretat t\u00e8cniques i organitzatives exigides en el Reial Decret 1720\/2007 que regula el reglament de mesures de seguretat dels fitxers que continguin dades de car\u00e0cter personal.<\/p>\n<p><strong>\u00daS DE LES SEVES DADES PERSONALS<\/strong><\/p>\n<p>Les dades que li sol\u00b7licitem s\u00f3n les adequades, pertinents i estrictament necess\u00e0ries per a la finalitat per la que es recullen, i en cap cas est\u00e0 obligat a facilitar-nos. Aix\u00ed mateix, ens certifica que totes les dades que ens facilita s\u00f3n certes, veraces i pertinents per a la finalitat per la qual els hi demanem.<\/p>\n<p>La nostra web recull les seves dades personals mitjan\u00e7ant la recepci\u00f3 de diversos formularis i a trav\u00e9s del correu electr\u00f2nic on pot sol\u00b7licitar qualsevol tipus d\u2019informaci\u00f3, aclariment o dubte, i fins i tot remetre\u2019ns el seu curr\u00edculum vitae. L\u2019enviament dels mateixos implica la seva autoritzaci\u00f3 a incorporar-los als nostres fitxers corresponents, si Recuperaciones Hnos. Carrillo e Hijos, S.L., ho considera convenient, i aquests estaran regulats per les presents pol\u00edtiques de privacitat. Les seves dades seran incorporades als nostres fitxers de tractament de dades.<\/p>\n<p>Recuperaciones Hnos. Carrillo e Hijos, S.L., es reserva el dret de decidir la incorporaci\u00f3 o no de les seves dades personals als seus fitxers.<\/p>\n<p><strong>DRETS D\u2019ACC\u00c9S, RECTIFICACI\u00d3, CANCEL\u00b7LACI\u00d3 DE LES SEVES DADES PERSONALS<\/strong><\/p>\n<p>En qualsevol moment pot oposar-se als nostres enviaments comercials, aix\u00ed com exercir els seus drets d\u2019acc\u00e9s, rectificaci\u00f3 i cancel\u00b7laci\u00f3 en els termes establerts legalment, podent dirigir-se a: Recuperaciones Hnos. Carrillo e Hijos, S.L. \u2013 Mol\u00ed d\u2019en Ginestar, 9 \u2013 Nave 3 (08291 Ripollet, Barcelona).<\/p>\n<p><strong>COMUNICACIONS DE DADES<\/strong><\/p>\n<p>Recuperaciones Hnos. Carrillo e Hijos, S.L. l\u2019informa que les seves dades s\u00f3n tractades confidencialment i s\u00f3n utilitzats exclusivament de manera interna i per a les finalitats indicades. Per tant, no cedim ni comuniquem a cap tercer les dades, excepte en els casos legalment previstos, o quan l\u2019USUARI ens autoritzi expressament.<\/p>\n<p><strong>SEGURETAT DE LES SEVES DADES PERSONALS<\/strong><\/p>\n<p>CAmb l\u2019objectiu de salvaguardar la seguretat de les seves dades personals, l\u2019informem que Recuperaciones Hnos. Carrillo e Hijos, S.L. ha adoptat totes les mesures de car\u00e0cter t\u00e8cnic i organitzatiu necess\u00e0ris per garantir la seguretat de les dades personals subministrades de la seva alteraci\u00f3, p\u00e8rdua, i tractaments o accessos no autoritzats, tal com exigeix el Reial Decret 1720\/2007 regula el reglament de mesures de seguretat dels fitxers que continguin dades de car\u00e0cter personal.<\/p>\n<p><strong>ACTUALITZACI\u00d3 DE LES SEVES DADES<\/strong><\/p>\n<p>\u00c9s important que perqu\u00e8 puguem mantenir les seves dades personals actualitzades, ens informi sempre que hagi hagut alguna modificaci\u00f3 en elles. En cas contrari, no responem de la veracitat dels mateixos.<\/p>\n<p>Considerem que si no cancel\u00b7la les seves dades personals expressament dels nostres fitxers, continua interessat a seguir incorporat als mateixos fins que Recuperaciones Hnos. Carrillo e Hijos, S.L., ho consideri oport\u00fa i mentre sigui adequat a la finalitat per la qual es van obtenir. Recuperaciones Hnos. Carrillo e Hijos, S.L., no es fa responsable de la pol\u00edtica de privacitat respecte a les dades personals que pugui facilitar a tercers per mitj\u00e0 dels enlla\u00e7os disponibles en la nostra web.<\/p>\n<p>Recuperaciones Hnos. Carrillo e Hijos, S.L., pot modificar les presents pol\u00edtiques de privacitat per adaptar-les a les modificacions que es produeixin en la nostra web, aix\u00ed com modificacions legislatives o jurisprudencials sobre dades personals que vagin apareixent, pel que exigeix la seva lectura cada vegada que ens faciliti les seves dades a trav\u00e9s d\u2019aquesta web.<\/p>\n<p><strong>D. RESPONSABILITATS<\/strong><\/p>\n<p>Al posar a disposici\u00f3 de l\u2019usuari aquesta web volem oferir-li una s\u00e8rie de continguts i serveis de qualitat, utilitzant la m\u00e0xima dilig\u00e8ncia en la prestaci\u00f3 dels mateixos aix\u00ed com en els mitjans tecnol\u00f2gics utilitzats. No obstant aix\u00f2, no respondrem de la pres\u00e8ncia de virus i altres elements que d\u2019alguna manera puguin danyar el sistema inform\u00e0tic de l\u2019usuari.<\/p>\n<p>L\u2019USUARI t\u00e9 prohibit qualsevol tipus d\u2019acci\u00f3 sobre la nostra web que origini una sobrec\u00e0rrega als nostres sistemes inform\u00e0tics, aix\u00ed com la introducci\u00f3 de virus, instal\u00b7laci\u00f3 de robots o de programes que alterin el normal funcionament de la nostra web o, en definitiva, pugui causar danys als nostres sistemes inform\u00e0tics.<\/p>\n<p>L\u2019usuari assumeix tota la responsabilitat derivada de l\u2019\u00fas de la nostra web, sent l\u2019\u00fanic responsable de tot efecte directe o indirecte que sobre la web es derivi, incloent, de forma enunciativa i no limitativa, tot resultat econ\u00f2mic, t\u00e8cnic i \/ o jur\u00eddic advers, aix\u00ed com la defraudaci\u00f3 de les expectatives generades pel nostre portal, obligant-se l\u2019USUARI a mantenir indemne a Recuperaciones Hnos. Carrillo e Hijos, S.L. per qualsevol reclamacions derivades, directament o indirectament de tals fets.<\/p>\n<p>Recuperaciones Hnos. Carrillo e Hijos, S.L. queda exonerat de responsabilitat per qualsevol reclamaci\u00f3 respecte als drets de propietat intel\u00b7lectual dels articles i imatges publicades en el seu portal, aix\u00ed com no garanteix l\u2019exactitud, veracitat i vig\u00e8ncia dels continguts d\u2019aquesta web, ja siguin propis, de tercers, o enlla\u00e7ables a altres websites, quedant totalment exonerada de qualsevol responsabilitat derivada de l\u2019\u00fas de la mateixos.<\/p>\n<p>Recuperaciones Hnos. Carrillo e Hijos, S.L. queda exonerada de qualsevol responsabilitat derivada de qualsevol reclamaci\u00f3, incl\u00f2s el pagament d\u2019honoraris a advocats, per les demandes i reclamacions originades per tercers per l\u2019incompliment per part de l\u2019USUARI de les nostres condicions d\u2019\u00fas, acc\u00e9s i pol\u00edtica de privacitat, o qualsevol altra reclamaci\u00f3 per l\u2019incompliment de la legislaci\u00f3 vigent.<\/p>\n<p>L\u2019USUARI reconeix que ha ent\u00e8s tota la informaci\u00f3 respecte a les condicions d\u2019\u00fas del nostre portal, i reconeix que s\u00f3n suficients per a l\u2019exclusi\u00f3 de l\u2019error en les mateixes, i per tant, les accepta integra i expressament.<\/p>\n<p>L\u2019USUARI \u00e9s plenament conscient que la mera navegaci\u00f3 per la present web, aix\u00ed com la utilitzaci\u00f3 dels seus serveis, implica l\u2019acceptaci\u00f3 de les presents condicions d\u2019\u00fas.<\/p>\n<p>Tot el referent a la nostra web, es regeix exclusivament per les lleis espanyoles. En el cas que es produeixi qualsevol tipus de discrep\u00e0ncia o difer\u00e8ncia entre les parts en relaci\u00f3 amb la interpretaci\u00f3 i contingut de la present web, totes les parts es sotmeten, amb ren\u00fancia expressa a qualsevol altre fur, als Jutjats i Tribunals de Barcelona.<\/p>\n<p><strong>E. COOKIES<\/strong><\/p>\n<p>Informaci\u00f3 sobre la Pol\u00edtica de Cookies del nostre lloc web <a href=\"\/ca\/cookies\/\">aqu\u00ed<\/a>.<\/p>\n<p><strong>F. GOOGLE ANALYTICS<\/strong><\/p>\n<p>Aquesta p\u00e0gina web utilitza Google Analytics, un servei anal\u00edtic de web prestat per Google, Inc., l&#8217;oficina principal del qual est\u00e0 en 1600 Amphitheatre Parkway, Mountain View (Calif\u00f2rnia), CA 94043, els Estats Units (\u201cGoogle\u201d).<\/p>\n<p>Google Analytics utilitza \u201ccookies\u201d, que s\u00f3n arxius de text situats en el seu ordinador, per a ajudar el website a analitzar l&#8217;\u00fas que fan els usuaris del lloc web.<\/p>\n<p>La informaci\u00f3 que genera la cookie sobre el seu \u00fas del website (incloent la seva adre\u00e7a IP) ser\u00e0 directament transmesa i arxivada per Google en els servidors dels Estats Units.<\/p>\n<p>Google usar\u00e0 aquesta informaci\u00f3 per compte nostre amb el prop\u00f2sit de seguir la pista del seu \u00fas del website, recopilant informes de l&#8217;activitat del website i prestant altres serveis relacionats amb l&#8217;activitat del website i l&#8217;\u00fas d&#8217;Internet.<\/p>\n<p>Google podr\u00e0 transmetre aquesta informaci\u00f3 a tercers quan aix\u00ed li ho requereixi la legislaci\u00f3, o quan dits tercers processin la informaci\u00f3 per compte de Google.<\/p>\n<p>Google no associar\u00e0 la seva adre\u00e7a IP amb cap altra dada del qual disposi Google.<\/p>\n<p>Aquesta web pot fer \u00fas de \u201ctracking tags\u201d en determinades p\u00e0gines per a mesurament i optimitzaci\u00f3 de campanyes de m\u00e0rqueting de resultats, no emmagatzemant-se en cap cas informaci\u00f3 personal de l&#8217;usuari.<\/p>\n<p>L&#8217;USUARI pot rebutjar el tractament de les dades o la informaci\u00f3 rebutjant l&#8217;\u00fas de cookies mitjan\u00e7ant la selecci\u00f3 de la configuraci\u00f3 apropiada del seu navegador, no obstant aix\u00f2, ha de saber que si ho fa pot ser que no pugui usar la plena funcionalitat d&#8217;aquesta web. En utilitzar aquesta web l&#8217;USUARI consent el tractament d&#8217;aquesta informaci\u00f3 per Google en la forma i per als fins indicats m\u00e9s amunt.<\/p>\n<\/div><\/div><\/div><\/div><\/div>\n","protected":false},"excerpt":{"rendered":"","protected":false},"author":1,"featured_media":0,"parent":0,"menu_order":0,"comment_status":"closed","ping_status":"closed","template":"100-width.php","meta":{"footnotes":""},"class_list":["post-4034","page","type-page","status-publish","hentry"],"yoast_head":"<!-- This site is optimized with the Yoast SEO plugin v27.2 - https:\/\/yoast.com\/product\/yoast-seo-wordpress\/ -->\n<title>Ferralla Barcelona - Recuperacions Carrillo i Fills<\/title>\n<meta name=\"description\" content=\"Informaci\u00f3 sobre LSSICE i LOPD de la nostra web. Empresa especialitzada en la recuperaci\u00f3 de ferro i residus met\u00e0l\u00b7lics.\" \/>\n<meta name=\"robots\" content=\"index, follow, max-snippet:-1, max-image-preview:large, max-video-preview:-1\" \/>\n<link rel=\"canonical\" href=\"https:\/\/recuperacionescarrillo.com\/ca\/avis-legal\/\" \/>\n<meta property=\"og:locale\" content=\"ca_ES\" \/>\n<meta property=\"og:type\" content=\"article\" \/>\n<meta property=\"og:title\" content=\"Ferralla Barcelona - Recuperacions Carrillo i Fills\" \/>\n<meta property=\"og:description\" content=\"Informaci\u00f3 sobre LSSICE i LOPD de la nostra web. Empresa especialitzada en la recuperaci\u00f3 de ferro i residus met\u00e0l\u00b7lics.\" \/>\n<meta property=\"og:url\" content=\"https:\/\/recuperacionescarrillo.com\/ca\/avis-legal\/\" \/>\n<meta property=\"og:site_name\" content=\"Recuperaci\u00f3n de hierros y metales\" \/>\n<meta property=\"article:modified_time\" content=\"2024-06-17T15:06:08+00:00\" \/>\n<meta name=\"twitter:card\" content=\"summary_large_image\" \/>\n<meta name=\"twitter:label1\" content=\"Temps estimat de lectura\" \/>\n\t<meta name=\"twitter:data1\" content=\"10 minuts\" \/>\n<script type=\"application\/ld+json\" class=\"yoast-schema-graph\">{\"@context\":\"https:\/\/schema.org\",\"@graph\":[{\"@type\":\"WebPage\",\"@id\":\"https:\/\/recuperacionescarrillo.com\/ca\/avis-legal\/\",\"url\":\"https:\/\/recuperacionescarrillo.com\/ca\/avis-legal\/\",\"name\":\"Ferralla Barcelona - Recuperacions Carrillo i Fills\",\"isPartOf\":{\"@id\":\"https:\/\/recuperacionescarrillo.com\/ca\/#website\"},\"datePublished\":\"2024-06-11T13:45:15+00:00\",\"dateModified\":\"2024-06-17T15:06:08+00:00\",\"description\":\"Informaci\u00f3 sobre LSSICE i LOPD de la nostra web. Empresa especialitzada en la recuperaci\u00f3 de ferro i residus met\u00e0l\u00b7lics.\",\"breadcrumb\":{\"@id\":\"https:\/\/recuperacionescarrillo.com\/ca\/avis-legal\/#breadcrumb\"},\"inLanguage\":\"ca\",\"potentialAction\":[{\"@type\":\"ReadAction\",\"target\":[\"https:\/\/recuperacionescarrillo.com\/ca\/avis-legal\/\"]}]},{\"@type\":\"BreadcrumbList\",\"@id\":\"https:\/\/recuperacionescarrillo.com\/ca\/avis-legal\/#breadcrumb\",\"itemListElement\":[{\"@type\":\"ListItem\",\"position\":1,\"name\":\"Inicio\",\"item\":\"https:\/\/recuperacionescarrillo.com\/ca\/\"},{\"@type\":\"ListItem\",\"position\":2,\"name\":\"Av\u00eds legal\"}]},{\"@type\":\"WebSite\",\"@id\":\"https:\/\/recuperacionescarrillo.com\/ca\/#website\",\"url\":\"https:\/\/recuperacionescarrillo.com\/ca\/\",\"name\":\"Recuperaci\u00f3n de hierros y metales\",\"description\":\"Recuperaci\u00f3n de hierros y metales - Recuperaciones Carrillo\",\"potentialAction\":[{\"@type\":\"SearchAction\",\"target\":{\"@type\":\"EntryPoint\",\"urlTemplate\":\"https:\/\/recuperacionescarrillo.com\/ca\/?s={search_term_string}\"},\"query-input\":{\"@type\":\"PropertyValueSpecification\",\"valueRequired\":true,\"valueName\":\"search_term_string\"}}],\"inLanguage\":\"ca\"}]}<\/script>\n<!-- \/ Yoast SEO plugin. -->","yoast_head_json":{"title":"Ferralla Barcelona - Recuperacions Carrillo i Fills","description":"Informaci\u00f3 sobre LSSICE i LOPD de la nostra web. Empresa especialitzada en la recuperaci\u00f3 de ferro i residus met\u00e0l\u00b7lics.","robots":{"index":"index","follow":"follow","max-snippet":"max-snippet:-1","max-image-preview":"max-image-preview:large","max-video-preview":"max-video-preview:-1"},"canonical":"https:\/\/recuperacionescarrillo.com\/ca\/avis-legal\/","og_locale":"ca_ES","og_type":"article","og_title":"Ferralla Barcelona - Recuperacions Carrillo i Fills","og_description":"Informaci\u00f3 sobre LSSICE i LOPD de la nostra web. Empresa especialitzada en la recuperaci\u00f3 de ferro i residus met\u00e0l\u00b7lics.","og_url":"https:\/\/recuperacionescarrillo.com\/ca\/avis-legal\/","og_site_name":"Recuperaci\u00f3n de hierros y metales","article_modified_time":"2024-06-17T15:06:08+00:00","twitter_card":"summary_large_image","twitter_misc":{"Temps estimat de lectura":"10 minuts"},"schema":{"@context":"https:\/\/schema.org","@graph":[{"@type":"WebPage","@id":"https:\/\/recuperacionescarrillo.com\/ca\/avis-legal\/","url":"https:\/\/recuperacionescarrillo.com\/ca\/avis-legal\/","name":"Ferralla Barcelona - Recuperacions Carrillo i Fills","isPartOf":{"@id":"https:\/\/recuperacionescarrillo.com\/ca\/#website"},"datePublished":"2024-06-11T13:45:15+00:00","dateModified":"2024-06-17T15:06:08+00:00","description":"Informaci\u00f3 sobre LSSICE i LOPD de la nostra web. Empresa especialitzada en la recuperaci\u00f3 de ferro i residus met\u00e0l\u00b7lics.","breadcrumb":{"@id":"https:\/\/recuperacionescarrillo.com\/ca\/avis-legal\/#breadcrumb"},"inLanguage":"ca","potentialAction":[{"@type":"ReadAction","target":["https:\/\/recuperacionescarrillo.com\/ca\/avis-legal\/"]}]},{"@type":"BreadcrumbList","@id":"https:\/\/recuperacionescarrillo.com\/ca\/avis-legal\/#breadcrumb","itemListElement":[{"@type":"ListItem","position":1,"name":"Inicio","item":"https:\/\/recuperacionescarrillo.com\/ca\/"},{"@type":"ListItem","position":2,"name":"Av\u00eds legal"}]},{"@type":"WebSite","@id":"https:\/\/recuperacionescarrillo.com\/ca\/#website","url":"https:\/\/recuperacionescarrillo.com\/ca\/","name":"Recuperaci\u00f3n de hierros y metales","description":"Recuperaci\u00f3n de hierros y metales - Recuperaciones Carrillo","potentialAction":[{"@type":"SearchAction","target":{"@type":"EntryPoint","urlTemplate":"https:\/\/recuperacionescarrillo.com\/ca\/?s={search_term_string}"},"query-input":{"@type":"PropertyValueSpecification","valueRequired":true,"valueName":"search_term_string"}}],"inLanguage":"ca"}]}},"_links":{"self":[{"href":"https:\/\/recuperacionescarrillo.com\/ca\/wp-json\/wp\/v2\/pages\/4034","targetHints":{"allow":["GET"]}}],"collection":[{"href":"https:\/\/recuperacionescarrillo.com\/ca\/wp-json\/wp\/v2\/pages"}],"about":[{"href":"https:\/\/recuperacionescarrillo.com\/ca\/wp-json\/wp\/v2\/types\/page"}],"author":[{"embeddable":true,"href":"https:\/\/recuperacionescarrillo.com\/ca\/wp-json\/wp\/v2\/users\/1"}],"replies":[{"embeddable":true,"href":"https:\/\/recuperacionescarrillo.com\/ca\/wp-json\/wp\/v2\/comments?post=4034"}],"version-history":[{"count":3,"href":"https:\/\/recuperacionescarrillo.com\/ca\/wp-json\/wp\/v2\/pages\/4034\/revisions"}],"predecessor-version":[{"id":4154,"href":"https:\/\/recuperacionescarrillo.com\/ca\/wp-json\/wp\/v2\/pages\/4034\/revisions\/4154"}],"wp:attachment":[{"href":"https:\/\/recuperacionescarrillo.com\/ca\/wp-json\/wp\/v2\/media?parent=4034"}],"curies":[{"name":"wp","href":"https:\/\/api.w.org\/{rel}","templated":true}]}}